{"id":1137,"date":"2022-03-23T14:35:55","date_gmt":"2022-03-23T14:35:55","guid":{"rendered":"https:\/\/quintapacos.com\/history\/"},"modified":"2024-04-08T15:17:20","modified_gmt":"2024-04-08T15:17:20","slug":"history","status":"publish","type":"page","link":"https:\/\/quintapacos.com\/en\/history\/","title":{"rendered":"History"},"content":{"rendered":"\t\t<div data-elementor-type=\"wp-page\" data-elementor-id=\"1137\" class=\"elementor elementor-1137 elementor-138\">\n\t\t\t\t\t\t\t\t\t<section class=\"wd-negative-gap elementor-section elementor-top-section elementor-element elementor-element-e8850a6 elementor-section-height-min-height wd-section-stretch elementor-section-boxed elementor-section-height-default elementor-section-items-middle\" data-id=\"e8850a6\" data-element_type=\"section\" data-settings=\"{&quot;background_background&quot;:&quot;classic&quot;}\">\n\t\t\t\t\t\t<div class=\"elementor-container elementor-column-gap-default\">\n\t\t\t\t\t<div class=\"elementor-column elementor-col-100 elementor-top-column elementor-element elementor-element-327b9e6c\" data-id=\"327b9e6c\" data-element_type=\"column\">\n\t\t\t<div class=\"elementor-widget-wrap elementor-element-populated\">\n\t\t\t\t\t\t\t\t<div class=\"elementor-element elementor-element-d860a0c elementor-absolute elementor-widget elementor-widget-wd_title\" data-id=\"d860a0c\" data-element_type=\"widget\" data-settings=\"{&quot;_position&quot;:&quot;absolute&quot;}\" data-widget_type=\"wd_title.default\">\n\t\t\t\t<div class=\"elementor-widget-container\">\n\t\t\t\t\t<div class=\"title-wrapper set-mb-s reset-last-child wd-title-color-default wd-title-style-default wd-title-size-default text-left\">\n\n\t\t\t\t\t\t\t<div class=\"title-subtitle subtitle-color-default subtitle-style-default wd-fontsize-xs\">\n\t\t\t\t\tMore than 500 years\t\t\t\t<\/div>\n\t\t\t\n\t\t\t<div class=\"liner-continer\">\n\t\t\t\t<h4 class=\"woodmart-title-container title wd-fontsize-l\">History<\/h4> \n\t\t\t\t\t\t\t<\/div>\n\n\t\t\t\t\t<\/div>\n\t\t\t\t<\/div>\n\t\t\t\t<\/div>\n\t\t\t\t\t<\/div>\n\t\t<\/div>\n\t\t\t\t\t\t\t<\/div>\n\t\t<\/section>\n\t\t\t\t<section class=\"wd-negative-gap elementor-section elementor-top-section elementor-element elementor-element-2306117e elementor-section-content-middle elementor-section-boxed elementor-section-height-default elementor-section-height-default wd-section-disabled\" data-id=\"2306117e\" data-element_type=\"section\">\n\t\t\t\t\t\t<div class=\"elementor-container elementor-column-gap-wider\">\n\t\t\t\t\t<div class=\"elementor-column elementor-col-50 elementor-top-column elementor-element elementor-element-7e759ad9\" data-id=\"7e759ad9\" data-element_type=\"column\">\n\t\t\t<div class=\"elementor-widget-wrap elementor-element-populated\">\n\t\t\t\t\t\t\t\t<div class=\"elementor-element elementor-element-54f0c46f elementor-widget elementor-widget-wd_image_or_svg\" data-id=\"54f0c46f\" data-element_type=\"widget\" data-widget_type=\"wd_image_or_svg.default\">\n\t\t\t\t<div class=\"elementor-widget-container\">\n\t\t\t\n\t\t<div class=\"wd-image text-left\">\n\t\t\t\t\t\t\t\t<img decoding=\"async\" src=\"https:\/\/quintapacos.com\/wp-content\/uploads\/elementor\/thumbs\/historia1-q4imjqlbamis7333qqort3sbgpblfwvzlmpft8tmvw.webp\" title=\"historia1\" alt=\"historia1\" loading=\"lazy\" \/>\t\t\t\t\t<\/div>\n\n\t\t\t\t<\/div>\n\t\t\t\t<\/div>\n\t\t\t\t\t<\/div>\n\t\t<\/div>\n\t\t\t\t<div class=\"elementor-column elementor-col-50 elementor-top-column elementor-element elementor-element-3579e613\" data-id=\"3579e613\" data-element_type=\"column\">\n\t\t\t<div class=\"elementor-widget-wrap elementor-element-populated\">\n\t\t\t\t\t\t\t\t<div class=\"elementor-element elementor-element-1776917e elementor-widget elementor-widget-wd_title\" data-id=\"1776917e\" data-element_type=\"widget\" data-widget_type=\"wd_title.default\">\n\t\t\t\t<div class=\"elementor-widget-container\">\n\t\t\t\t\t<div class=\"title-wrapper set-mb-s reset-last-child wd-title-color-default wd-title-style-default wd-title-size-extra-large text-left\">\n\n\t\t\t\n\t\t\t<div class=\"liner-continer\">\n\t\t\t\t<h4 class=\"woodmart-title-container title wd-fontsize-xxxl\">Quinta de Pa\u00e7os<\/h4> \n\t\t\t\t\t\t\t<\/div>\n\n\t\t\t\t\t\t\t<div class=\"title-after_title set-cont-mb-s reset-last-child wd-fontsize-s\">\n\t\t\t\t\t<p>Quinta de Pa\u00e7os it probably owes its name to an old palace (lat. palatiu) from the time when the parish of St\u00aa Eul\u00e1lia de Rio C\u00f4vo was a Roman spa.<\/p><p>The Quinta de Pa\u00e7os has remained a property of the same family for more than 500 years and, at least 16 generations, maintaining a wine making tradition in the region of Minho lasting for more than 5 centuries. Received its first international award in 1876 (USA).<\/p>\t\t\t\t<\/div>\n\t\t\t\t\t<\/div>\n\t\t\t\t<\/div>\n\t\t\t\t<\/div>\n\t\t\t\t\t<\/div>\n\t\t<\/div>\n\t\t\t\t\t\t\t<\/div>\n\t\t<\/section>\n\t\t\t\t<section class=\"wd-negative-gap elementor-section elementor-top-section elementor-element elementor-element-38894a44 elementor-section-height-min-height wd-section-stretch-content elementor-section-boxed elementor-section-height-default elementor-section-items-middle\" data-id=\"38894a44\" data-element_type=\"section\" data-settings=\"{&quot;background_background&quot;:&quot;classic&quot;}\">\n\t\t\t\t\t\t<div class=\"elementor-container elementor-column-gap-default\">\n\t\t\t\t\t<div class=\"elementor-column elementor-col-100 elementor-top-column elementor-element elementor-element-33b53cf9\" data-id=\"33b53cf9\" data-element_type=\"column\">\n\t\t\t<div class=\"elementor-widget-wrap\">\n\t\t\t\t\t\t\t\t\t<\/div>\n\t\t<\/div>\n\t\t\t\t\t\t\t<\/div>\n\t\t<\/section>\n\t\t\t\t<section class=\"wd-negative-gap elementor-section elementor-top-section elementor-element elementor-element-55aad76f elementor-section-content-middle elementor-section-boxed elementor-section-height-default elementor-section-height-default wd-section-disabled\" data-id=\"55aad76f\" data-element_type=\"section\">\n\t\t\t\t\t\t<div class=\"elementor-container elementor-column-gap-wider\">\n\t\t\t\t\t<div class=\"elementor-column elementor-col-50 elementor-top-column elementor-element elementor-element-5a3d6154\" data-id=\"5a3d6154\" data-element_type=\"column\">\n\t\t\t<div class=\"elementor-widget-wrap elementor-element-populated\">\n\t\t\t\t\t\t\t\t<div class=\"elementor-element elementor-element-3fc79f67 elementor-widget elementor-widget-wd_title\" data-id=\"3fc79f67\" data-element_type=\"widget\" data-widget_type=\"wd_title.default\">\n\t\t\t\t<div class=\"elementor-widget-container\">\n\t\t\t\t\t<div class=\"title-wrapper set-mb-s reset-last-child wd-title-color-default wd-title-style-default wd-title-size-extra-large text-left\">\n\n\t\t\t\n\t\t\t<div class=\"liner-continer\">\n\t\t\t\t<h4 class=\"woodmart-title-container title wd-fontsize-xxxl\">Casa do Capit\u00e3o-mor<\/h4> \n\t\t\t\t\t\t\t<\/div>\n\n\t\t\t\t\t\t\t<div class=\"title-after_title set-cont-mb-s reset-last-child wd-fontsize-s\">\n\t\t\t\t\t<p>In the parish of Mazedo, municipality of Mon\u00e7\u00e3o, dates to the XIVth century, the remotest reference to the Majorat of Boavista. The fact that in 1640 it became a property of Francisco Soares de Castro, the high-commander (Capit\u00e3o-Mor) of Mon\u00e7\u00e3o, accounts for the name Casa do Capit\u00e3o-Mor, by which it would become known until nowadays.<\/p><p>This property is also the holder of the oldest award in the sub-region, obtained as early as 1888 in Berlin, Germany.<\/p>\t\t\t\t<\/div>\n\t\t\t\t\t<\/div>\n\t\t\t\t<\/div>\n\t\t\t\t<\/div>\n\t\t\t\t\t<\/div>\n\t\t<\/div>\n\t\t\t\t<div class=\"elementor-column elementor-col-50 elementor-top-column elementor-element elementor-element-91a1bc6\" data-id=\"91a1bc6\" data-element_type=\"column\">\n\t\t\t<div class=\"elementor-widget-wrap elementor-element-populated\">\n\t\t\t\t\t\t\t\t<div class=\"elementor-element elementor-element-e9c028c elementor-widget elementor-widget-wd_image_or_svg\" data-id=\"e9c028c\" data-element_type=\"widget\" data-widget_type=\"wd_image_or_svg.default\">\n\t\t\t\t<div class=\"elementor-widget-container\">\n\t\t\t\n\t\t<div class=\"wd-image text-left\">\n\t\t\t\t\t\t\t\t<img decoding=\"async\" src=\"https:\/\/quintapacos.com\/wp-content\/uploads\/elementor\/thumbs\/historia-1-qbfct3f54zyqreumjr40acwnzenqg9d9qlxjswady4.webp\" title=\"historia\" alt=\"historia\" loading=\"lazy\" \/>\t\t\t\t\t<\/div>\n\n\t\t\t\t<\/div>\n\t\t\t\t<\/div>\n\t\t\t\t\t<\/div>\n\t\t<\/div>\n\t\t\t\t\t\t\t<\/div>\n\t\t<\/section>\n\t\t\t\t\t\t\t<\/div>\n\t\t","protected":false},"excerpt":{"rendered":"<p>More than 500 years History Quinta de Pa\u00e7os Quinta de Pa\u00e7os it probably owes its name to an old palace<\/p>\n","protected":false},"author":2,"featured_media":0,"parent":0,"menu_order":0,"comment_status":"closed","ping_status":"closed","template":"","meta":{"footnotes":""},"class_list":["post-1137","page","type-page","status-publish","hentry"],"yoast_head":"<!-- This site is optimized with the Yoast SEO plugin v20.10 - https:\/\/yoast.com\/wordpress\/plugins\/seo\/ -->\n<title>History - Quinta de Pa\u00e7os<\/title>\n<meta name=\"robots\" content=\"index, follow, max-snippet:-1, max-image-preview:large, max-video-preview:-1\" \/>\n<link rel=\"canonical\" href=\"https:\/\/quintapacos.com\/en\/history\/\" \/>\n<meta property=\"og:locale\" content=\"en_US\" \/>\n<meta property=\"og:type\" content=\"article\" \/>\n<meta property=\"og:title\" content=\"History - Quinta de Pa\u00e7os\" \/>\n<meta property=\"og:description\" content=\"More than 500 years History Quinta de Pa\u00e7os Quinta de Pa\u00e7os it probably owes its name to an old palace\" \/>\n<meta property=\"og:url\" content=\"https:\/\/quintapacos.com\/en\/history\/\" \/>\n<meta property=\"og:site_name\" content=\"Quinta de Pa\u00e7os\" \/>\n<meta property=\"article:publisher\" content=\"https:\/\/www.facebook.com\/QuintadePacos\/\" \/>\n<meta property=\"article:modified_time\" content=\"2024-04-08T15:17:20+00:00\" \/>\n<meta property=\"og:image\" content=\"https:\/\/quintapacos.com\/wp-content\/uploads\/elementor\/thumbs\/historia1-q4imjqlbamis7333qqort3sbgpblfwvzlmpft8tmvw.webp\" \/>\n<meta name=\"twitter:card\" content=\"summary_large_image\" \/>\n<meta name=\"twitter:label1\" content=\"Est. reading time\" \/>\n\t<meta name=\"twitter:data1\" content=\"1 minute\" \/>\n<script type=\"application\/ld+json\" class=\"yoast-schema-graph\">{\"@context\":\"https:\/\/schema.org\",\"@graph\":[{\"@type\":\"WebPage\",\"@id\":\"https:\/\/quintapacos.com\/en\/history\/\",\"url\":\"https:\/\/quintapacos.com\/en\/history\/\",\"name\":\"History - Quinta de Pa\u00e7os\",\"isPartOf\":{\"@id\":\"https:\/\/quintapacos.com\/#website\"},\"datePublished\":\"2022-03-23T14:35:55+00:00\",\"dateModified\":\"2024-04-08T15:17:20+00:00\",\"breadcrumb\":{\"@id\":\"https:\/\/quintapacos.com\/en\/history\/#breadcrumb\"},\"inLanguage\":\"en-US\",\"potentialAction\":[{\"@type\":\"ReadAction\",\"target\":[\"https:\/\/quintapacos.com\/en\/history\/\"]}]},{\"@type\":\"BreadcrumbList\",\"@id\":\"https:\/\/quintapacos.com\/en\/history\/#breadcrumb\",\"itemListElement\":[{\"@type\":\"ListItem\",\"position\":1,\"name\":\"In\u00edcio\",\"item\":\"https:\/\/quintapacos.com\/\"},{\"@type\":\"ListItem\",\"position\":2,\"name\":\"History\"}]},{\"@type\":\"WebSite\",\"@id\":\"https:\/\/quintapacos.com\/#website\",\"url\":\"https:\/\/quintapacos.com\/\",\"name\":\"Quinta de Pa\u00e7os\",\"description\":\"Vinhos Verdes\",\"publisher\":{\"@id\":\"https:\/\/quintapacos.com\/#organization\"},\"potentialAction\":[{\"@type\":\"SearchAction\",\"target\":{\"@type\":\"EntryPoint\",\"urlTemplate\":\"https:\/\/quintapacos.com\/?s={search_term_string}\"},\"query-input\":\"required name=search_term_string\"}],\"inLanguage\":\"en-US\"},{\"@type\":\"Organization\",\"@id\":\"https:\/\/quintapacos.com\/#organization\",\"name\":\"Quinta de Pa\u00e7os\",\"url\":\"https:\/\/quintapacos.com\/\",\"logo\":{\"@type\":\"ImageObject\",\"inLanguage\":\"en-US\",\"@id\":\"https:\/\/quintapacos.com\/#\/schema\/logo\/image\/\",\"url\":\"https:\/\/quintapacos.com\/wp-content\/uploads\/2022\/03\/logo-quinta-de-pacos.svg\",\"contentUrl\":\"https:\/\/quintapacos.com\/wp-content\/uploads\/2022\/03\/logo-quinta-de-pacos.svg\",\"width\":324,\"height\":127,\"caption\":\"Quinta de Pa\u00e7os\"},\"image\":{\"@id\":\"https:\/\/quintapacos.com\/#\/schema\/logo\/image\/\"},\"sameAs\":[\"https:\/\/www.facebook.com\/QuintadePacos\/\",\"https:\/\/www.instagram.com\/quintapacos\/\"]}]}<\/script>\n<!-- \/ Yoast SEO plugin. -->","yoast_head_json":{"title":"History - Quinta de Pa\u00e7os","robots":{"index":"index","follow":"follow","max-snippet":"max-snippet:-1","max-image-preview":"max-image-preview:large","max-video-preview":"max-video-preview:-1"},"canonical":"https:\/\/quintapacos.com\/en\/history\/","og_locale":"en_US","og_type":"article","og_title":"History - Quinta de Pa\u00e7os","og_description":"More than 500 years History Quinta de Pa\u00e7os Quinta de Pa\u00e7os it probably owes its name to an old palace","og_url":"https:\/\/quintapacos.com\/en\/history\/","og_site_name":"Quinta de Pa\u00e7os","article_publisher":"https:\/\/www.facebook.com\/QuintadePacos\/","article_modified_time":"2024-04-08T15:17:20+00:00","og_image":[{"url":"https:\/\/quintapacos.com\/wp-content\/uploads\/elementor\/thumbs\/historia1-q4imjqlbamis7333qqort3sbgpblfwvzlmpft8tmvw.webp"}],"twitter_card":"summary_large_image","twitter_misc":{"Est. reading time":"1 minute"},"schema":{"@context":"https:\/\/schema.org","@graph":[{"@type":"WebPage","@id":"https:\/\/quintapacos.com\/en\/history\/","url":"https:\/\/quintapacos.com\/en\/history\/","name":"History - Quinta de Pa\u00e7os","isPartOf":{"@id":"https:\/\/quintapacos.com\/#website"},"datePublished":"2022-03-23T14:35:55+00:00","dateModified":"2024-04-08T15:17:20+00:00","breadcrumb":{"@id":"https:\/\/quintapacos.com\/en\/history\/#breadcrumb"},"inLanguage":"en-US","potentialAction":[{"@type":"ReadAction","target":["https:\/\/quintapacos.com\/en\/history\/"]}]},{"@type":"BreadcrumbList","@id":"https:\/\/quintapacos.com\/en\/history\/#breadcrumb","itemListElement":[{"@type":"ListItem","position":1,"name":"In\u00edcio","item":"https:\/\/quintapacos.com\/"},{"@type":"ListItem","position":2,"name":"History"}]},{"@type":"WebSite","@id":"https:\/\/quintapacos.com\/#website","url":"https:\/\/quintapacos.com\/","name":"Quinta de Pa\u00e7os","description":"Vinhos Verdes","publisher":{"@id":"https:\/\/quintapacos.com\/#organization"},"potentialAction":[{"@type":"SearchAction","target":{"@type":"EntryPoint","urlTemplate":"https:\/\/quintapacos.com\/?s={search_term_string}"},"query-input":"required name=search_term_string"}],"inLanguage":"en-US"},{"@type":"Organization","@id":"https:\/\/quintapacos.com\/#organization","name":"Quinta de Pa\u00e7os","url":"https:\/\/quintapacos.com\/","logo":{"@type":"ImageObject","inLanguage":"en-US","@id":"https:\/\/quintapacos.com\/#\/schema\/logo\/image\/","url":"https:\/\/quintapacos.com\/wp-content\/uploads\/2022\/03\/logo-quinta-de-pacos.svg","contentUrl":"https:\/\/quintapacos.com\/wp-content\/uploads\/2022\/03\/logo-quinta-de-pacos.svg","width":324,"height":127,"caption":"Quinta de Pa\u00e7os"},"image":{"@id":"https:\/\/quintapacos.com\/#\/schema\/logo\/image\/"},"sameAs":["https:\/\/www.facebook.com\/QuintadePacos\/","https:\/\/www.instagram.com\/quintapacos\/"]}]}},"_links":{"self":[{"href":"https:\/\/quintapacos.com\/en\/wp-json\/wp\/v2\/pages\/1137","targetHints":{"allow":["GET"]}}],"collection":[{"href":"https:\/\/quintapacos.com\/en\/wp-json\/wp\/v2\/pages"}],"about":[{"href":"https:\/\/quintapacos.com\/en\/wp-json\/wp\/v2\/types\/page"}],"author":[{"embeddable":true,"href":"https:\/\/quintapacos.com\/en\/wp-json\/wp\/v2\/users\/2"}],"replies":[{"embeddable":true,"href":"https:\/\/quintapacos.com\/en\/wp-json\/wp\/v2\/comments?post=1137"}],"version-history":[{"count":5,"href":"https:\/\/quintapacos.com\/en\/wp-json\/wp\/v2\/pages\/1137\/revisions"}],"predecessor-version":[{"id":1603,"href":"https:\/\/quintapacos.com\/en\/wp-json\/wp\/v2\/pages\/1137\/revisions\/1603"}],"wp:attachment":[{"href":"https:\/\/quintapacos.com\/en\/wp-json\/wp\/v2\/media?parent=1137"}],"curies":[{"name":"wp","href":"https:\/\/api.w.org\/{rel}","templated":true}]}}