{"id":1142,"date":"2022-03-23T14:56:44","date_gmt":"2022-03-23T14:56:44","guid":{"rendered":"https:\/\/quintapacos.com\/awards-accolades\/"},"modified":"2024-12-12T16:34:04","modified_gmt":"2024-12-12T16:34:04","slug":"awards","status":"publish","type":"page","link":"https:\/\/quintapacos.com\/en\/awards\/","title":{"rendered":"Awards"},"content":{"rendered":"\t\t<div data-elementor-type=\"wp-page\" data-elementor-id=\"1142\" class=\"elementor elementor-1142 elementor-161\">\n\t\t\t\t\t\t\t\t\t<section class=\"wd-negative-gap elementor-section elementor-top-section elementor-element elementor-element-26d8d58c elementor-section-height-min-height wd-section-stretch elementor-section-boxed elementor-section-height-default elementor-section-items-middle\" data-id=\"26d8d58c\" data-element_type=\"section\" data-settings=\"{&quot;background_background&quot;:&quot;classic&quot;}\">\n\t\t\t\t\t\t<div class=\"elementor-container elementor-column-gap-default\">\n\t\t\t\t\t<div class=\"elementor-column elementor-col-100 elementor-top-column elementor-element elementor-element-f39f08d\" data-id=\"f39f08d\" data-element_type=\"column\">\n\t\t\t<div class=\"elementor-widget-wrap elementor-element-populated\">\n\t\t\t\t\t\t\t\t<div class=\"elementor-element elementor-element-78f5a8ba elementor-absolute elementor-widget elementor-widget-wd_title\" data-id=\"78f5a8ba\" data-element_type=\"widget\" data-settings=\"{&quot;_position&quot;:&quot;absolute&quot;}\" data-widget_type=\"wd_title.default\">\n\t\t\t\t<div class=\"elementor-widget-container\">\n\t\t\t\t\t<div class=\"title-wrapper set-mb-s reset-last-child wd-title-color-default wd-title-style-default wd-title-size-default text-left\">\n\n\t\t\t\t\t\t\t<div class=\"title-subtitle subtitle-color-default subtitle-style-default wd-fontsize-xs\">\n\t\t\t\t\tRecognition\t\t\t\t<\/div>\n\t\t\t\n\t\t\t<div class=\"liner-continer\">\n\t\t\t\t<h4 class=\"woodmart-title-container title wd-fontsize-l\">Awards<\/h4> \n\t\t\t\t\t\t\t<\/div>\n\n\t\t\t\t\t<\/div>\n\t\t\t\t<\/div>\n\t\t\t\t<\/div>\n\t\t\t\t\t<\/div>\n\t\t<\/div>\n\t\t\t\t\t\t\t<\/div>\n\t\t<\/section>\n\t\t\t\t<section class=\"wd-negative-gap elementor-section elementor-top-section elementor-element elementor-element-250ddfea elementor-section-content-middle elementor-section-boxed elementor-section-height-default elementor-section-height-default wd-section-disabled\" data-id=\"250ddfea\" data-element_type=\"section\">\n\t\t\t\t\t\t<div class=\"elementor-container elementor-column-gap-wider\">\n\t\t\t\t\t<div class=\"elementor-column elementor-col-50 elementor-top-column elementor-element elementor-element-7e823cf1\" data-id=\"7e823cf1\" data-element_type=\"column\">\n\t\t\t<div class=\"elementor-widget-wrap elementor-element-populated\">\n\t\t\t\t\t\t\t\t<div class=\"elementor-element elementor-element-75fdb6ab elementor-widget elementor-widget-wd_image_or_svg\" data-id=\"75fdb6ab\" data-element_type=\"widget\" data-widget_type=\"wd_image_or_svg.default\">\n\t\t\t\t<div class=\"elementor-widget-container\">\n\t\t\t\n\t\t<div class=\"wd-image text-left\">\n\t\t\t\t\t\t\t\t<img decoding=\"async\" src=\"https:\/\/quintapacos.com\/wp-content\/uploads\/elementor\/thumbs\/premios1-q4iy1pof8v7zgjrjf6mng51lwuw6gzc7im4vrd0oik.webp\" title=\"premios1\" alt=\"premios1\" loading=\"lazy\" \/>\t\t\t\t\t<\/div>\n\n\t\t\t\t<\/div>\n\t\t\t\t<\/div>\n\t\t\t\t\t<\/div>\n\t\t<\/div>\n\t\t\t\t<div class=\"elementor-column elementor-col-50 elementor-top-column elementor-element elementor-element-744e7402\" data-id=\"744e7402\" data-element_type=\"column\">\n\t\t\t<div class=\"elementor-widget-wrap elementor-element-populated\">\n\t\t\t\t\t\t\t\t<div class=\"elementor-element elementor-element-5ffc621c elementor-widget elementor-widget-wd_title\" data-id=\"5ffc621c\" data-element_type=\"widget\" data-widget_type=\"wd_title.default\">\n\t\t\t\t<div class=\"elementor-widget-container\">\n\t\t\t\t\t<div class=\"title-wrapper set-mb-s reset-last-child wd-title-color-default wd-title-style-default wd-title-size-extra-large text-left\">\n\n\t\t\t\n\t\t\t<div class=\"liner-continer\">\n\t\t\t\t<h4 class=\"woodmart-title-container title wd-fontsize-xxxl\">Since the 19th century<\/h4> \n\t\t\t\t\t\t\t<\/div>\n\n\t\t\t\t\t\t\t<div class=\"title-after_title set-cont-mb-s reset-last-child wd-fontsize-s\">\n\t\t\t\t\tOur wines have been recognized nationally and internationally, which is attested by the numerous awards and distinctions obtained. <br \/>\n<br \/>\nIn 1874, our wines were presented at an exhibition in London. In 1876, Casa de Pa\u00e7os wine received its first prize at the International Exhibition of the Centenary of the United States of America, which took place in the city of Philadelphia. Twelve years later, it was the wine from Casa do Capit\u00e3o-mor, or Quinta da Boavista, to win two awards at the Portuguese Wine Exhibition in Berlin: silver and bronze medals. <br \/>\n<br \/>\nThese are the oldest awards in the current demarcated region of Vinhos Verdes as well as in the sub-region of Mon\u00e7\u00e3o and Melga\u00e7o.\t\t\t\t<\/div>\n\t\t\t\t\t<\/div>\n\t\t\t\t<\/div>\n\t\t\t\t<\/div>\n\t\t\t\t\t<\/div>\n\t\t<\/div>\n\t\t\t\t\t\t\t<\/div>\n\t\t<\/section>\n\t\t\t\t<section class=\"wd-negative-gap elementor-section elementor-top-section elementor-element elementor-element-1fd4bc37 elementor-section-height-min-height wd-section-stretch-content elementor-section-boxed elementor-section-height-default elementor-section-items-middle\" data-id=\"1fd4bc37\" data-element_type=\"section\" data-settings=\"{&quot;background_background&quot;:&quot;classic&quot;}\">\n\t\t\t\t\t\t<div class=\"elementor-container elementor-column-gap-default\">\n\t\t\t\t\t<div class=\"elementor-column elementor-col-100 elementor-top-column elementor-element elementor-element-c023613\" data-id=\"c023613\" data-element_type=\"column\">\n\t\t\t<div class=\"elementor-widget-wrap\">\n\t\t\t\t\t\t\t\t\t<\/div>\n\t\t<\/div>\n\t\t\t\t\t\t\t<\/div>\n\t\t<\/section>\n\t\t\t\t<section class=\"wd-negative-gap elementor-section elementor-top-section elementor-element elementor-element-49b64da5 elementor-section-content-middle elementor-section-boxed elementor-section-height-default elementor-section-height-default wd-section-disabled\" data-id=\"49b64da5\" data-element_type=\"section\">\n\t\t\t\t\t\t<div class=\"elementor-container elementor-column-gap-wider\">\n\t\t\t\t\t<div class=\"elementor-column elementor-col-50 elementor-top-column elementor-element elementor-element-77a8dbdc\" data-id=\"77a8dbdc\" data-element_type=\"column\">\n\t\t\t<div class=\"elementor-widget-wrap elementor-element-populated\">\n\t\t\t\t\t\t\t\t<div class=\"elementor-element elementor-element-6f349ea3 elementor-widget elementor-widget-wd_title\" data-id=\"6f349ea3\" data-element_type=\"widget\" data-widget_type=\"wd_title.default\">\n\t\t\t\t<div class=\"elementor-widget-container\">\n\t\t\t\t\t<div class=\"title-wrapper set-mb-s reset-last-child wd-title-color-default wd-title-style-default wd-title-size-extra-large text-left\">\n\n\t\t\t\n\t\t\t<div class=\"liner-continer\">\n\t\t\t\t<h4 class=\"woodmart-title-container title wd-fontsize-xxxl\">A unique record<\/h4> \n\t\t\t\t\t\t\t<\/div>\n\n\t\t\t\t\t\t\t<div class=\"title-after_title set-cont-mb-s reset-last-child wd-fontsize-s\">\n\t\t\t\t\tMore recently, Quinta de Pa\u00e7os has obtained, since the beginning of the 1990s, more than 250 distinctions.<br \/>\n<br \/>\nTo point out the medals won in the most demanding competitions such as Mundus Vini, AWC Vienna, Sakura, Berliner Wine Trophy, International Wine and Spirits Competition, International Wine Challenge, Decanter World Wine Awards or the Concurso de Portugal. To also highlight relevant ratings in specialist magazines such as Wine Advocate, Wine Enthusiast, Wine &amp; Spirits, Revista de Vinhos, Vinho Grandes Escolhas, among others.<br \/>\n<br \/>\nIn the book \u201cWine Opus\u201d, published by DK, Quinta de Pa\u00e7os was one of only four selected producers in the Minho region in the list of the world's largest wine producers.\t\t\t\t<\/div>\n\t\t\t\t\t<\/div>\n\t\t\t\t<\/div>\n\t\t\t\t<\/div>\n\t\t\t\t\t<\/div>\n\t\t<\/div>\n\t\t\t\t<div class=\"elementor-column elementor-col-50 elementor-top-column elementor-element elementor-element-6e4df4ce\" data-id=\"6e4df4ce\" data-element_type=\"column\">\n\t\t\t<div class=\"elementor-widget-wrap elementor-element-populated\">\n\t\t\t\t\t\t\t\t<div class=\"elementor-element elementor-element-1c8bf90a elementor-widget elementor-widget-wd_image_or_svg\" data-id=\"1c8bf90a\" data-element_type=\"widget\" data-widget_type=\"wd_image_or_svg.default\">\n\t\t\t\t<div class=\"elementor-widget-container\">\n\t\t\t\n\t\t<div class=\"wd-image text-left\">\n\t\t\t\t\t\t\t\t<img decoding=\"async\" src=\"https:\/\/quintapacos.com\/wp-content\/uploads\/elementor\/thumbs\/premios-1-qbfcvqcub9kpc10q5e5bs6y7zbnt1ou5rntl9udmho.webp\" title=\"premios\" alt=\"premios\" loading=\"lazy\" \/>\t\t\t\t\t<\/div>\n\n\t\t\t\t<\/div>\n\t\t\t\t<\/div>\n\t\t\t\t\t<\/div>\n\t\t<\/div>\n\t\t\t\t\t\t\t<\/div>\n\t\t<\/section>\n\t\t\t\t\t\t\t<\/div>\n\t\t","protected":false},"excerpt":{"rendered":"<p>Recognition Awards Since the 19th century Our wines have been recognized nationally and internationally, which is attested by the numerous<\/p>\n","protected":false},"author":2,"featured_media":0,"parent":0,"menu_order":0,"comment_status":"closed","ping_status":"closed","template":"","meta":{"footnotes":""},"class_list":["post-1142","page","type-page","status-publish","hentry"],"yoast_head":"<!-- This site is optimized with the Yoast SEO plugin v20.10 - https:\/\/yoast.com\/wordpress\/plugins\/seo\/ -->\n<title>Awards - Quinta de Pa\u00e7os<\/title>\n<meta name=\"robots\" content=\"index, follow, max-snippet:-1, max-image-preview:large, max-video-preview:-1\" \/>\n<link rel=\"canonical\" href=\"https:\/\/quintapacos.com\/premios\/\" \/>\n<meta property=\"og:locale\" content=\"en_US\" \/>\n<meta property=\"og:type\" content=\"article\" \/>\n<meta property=\"og:title\" content=\"Awards - Quinta de Pa\u00e7os\" \/>\n<meta property=\"og:description\" content=\"Recognition Awards Since the 19th century Our wines have been recognized nationally and internationally, which is attested by the numerous\" \/>\n<meta property=\"og:url\" content=\"https:\/\/quintapacos.com\/premios\/\" \/>\n<meta property=\"og:site_name\" content=\"Quinta de Pa\u00e7os\" \/>\n<meta property=\"article:publisher\" content=\"https:\/\/www.facebook.com\/QuintadePacos\/\" \/>\n<meta property=\"article:modified_time\" content=\"2024-12-12T16:34:04+00:00\" \/>\n<meta property=\"og:image\" content=\"https:\/\/quintapacos.com\/wp-content\/uploads\/elementor\/thumbs\/premios1-q4iy1pof8v7zgjrjf6mng51lwuw6gzc7im4venrklc.webp\" \/>\n<meta name=\"twitter:card\" content=\"summary_large_image\" \/>\n<meta name=\"twitter:label1\" content=\"Est. reading time\" \/>\n\t<meta name=\"twitter:data1\" content=\"1 minute\" \/>\n<script type=\"application\/ld+json\" class=\"yoast-schema-graph\">{\"@context\":\"https:\/\/schema.org\",\"@graph\":[{\"@type\":\"WebPage\",\"@id\":\"https:\/\/quintapacos.com\/premios\/\",\"url\":\"https:\/\/quintapacos.com\/premios\/\",\"name\":\"Awards - Quinta de Pa\u00e7os\",\"isPartOf\":{\"@id\":\"https:\/\/quintapacos.com\/#website\"},\"datePublished\":\"2022-03-23T14:56:44+00:00\",\"dateModified\":\"2024-12-12T16:34:04+00:00\",\"breadcrumb\":{\"@id\":\"https:\/\/quintapacos.com\/premios\/#breadcrumb\"},\"inLanguage\":\"en-US\",\"potentialAction\":[{\"@type\":\"ReadAction\",\"target\":[\"https:\/\/quintapacos.com\/premios\/\"]}]},{\"@type\":\"BreadcrumbList\",\"@id\":\"https:\/\/quintapacos.com\/premios\/#breadcrumb\",\"itemListElement\":[{\"@type\":\"ListItem\",\"position\":1,\"name\":\"In\u00edcio\",\"item\":\"https:\/\/quintapacos.com\/\"},{\"@type\":\"ListItem\",\"position\":2,\"name\":\"Awards\"}]},{\"@type\":\"WebSite\",\"@id\":\"https:\/\/quintapacos.com\/#website\",\"url\":\"https:\/\/quintapacos.com\/\",\"name\":\"Quinta de Pa\u00e7os\",\"description\":\"Vinhos Verdes\",\"publisher\":{\"@id\":\"https:\/\/quintapacos.com\/#organization\"},\"potentialAction\":[{\"@type\":\"SearchAction\",\"target\":{\"@type\":\"EntryPoint\",\"urlTemplate\":\"https:\/\/quintapacos.com\/?s={search_term_string}\"},\"query-input\":\"required name=search_term_string\"}],\"inLanguage\":\"en-US\"},{\"@type\":\"Organization\",\"@id\":\"https:\/\/quintapacos.com\/#organization\",\"name\":\"Quinta de Pa\u00e7os\",\"url\":\"https:\/\/quintapacos.com\/\",\"logo\":{\"@type\":\"ImageObject\",\"inLanguage\":\"en-US\",\"@id\":\"https:\/\/quintapacos.com\/#\/schema\/logo\/image\/\",\"url\":\"https:\/\/quintapacos.com\/wp-content\/uploads\/2022\/03\/logo-quinta-de-pacos.svg\",\"contentUrl\":\"https:\/\/quintapacos.com\/wp-content\/uploads\/2022\/03\/logo-quinta-de-pacos.svg\",\"width\":324,\"height\":127,\"caption\":\"Quinta de Pa\u00e7os\"},\"image\":{\"@id\":\"https:\/\/quintapacos.com\/#\/schema\/logo\/image\/\"},\"sameAs\":[\"https:\/\/www.facebook.com\/QuintadePacos\/\",\"https:\/\/www.instagram.com\/quintapacos\/\"]}]}<\/script>\n<!-- \/ Yoast SEO plugin. -->","yoast_head_json":{"title":"Awards - Quinta de Pa\u00e7os","robots":{"index":"index","follow":"follow","max-snippet":"max-snippet:-1","max-image-preview":"max-image-preview:large","max-video-preview":"max-video-preview:-1"},"canonical":"https:\/\/quintapacos.com\/premios\/","og_locale":"en_US","og_type":"article","og_title":"Awards - Quinta de Pa\u00e7os","og_description":"Recognition Awards Since the 19th century Our wines have been recognized nationally and internationally, which is attested by the numerous","og_url":"https:\/\/quintapacos.com\/premios\/","og_site_name":"Quinta de Pa\u00e7os","article_publisher":"https:\/\/www.facebook.com\/QuintadePacos\/","article_modified_time":"2024-12-12T16:34:04+00:00","og_image":[{"url":"https:\/\/quintapacos.com\/wp-content\/uploads\/elementor\/thumbs\/premios1-q4iy1pof8v7zgjrjf6mng51lwuw6gzc7im4venrklc.webp"}],"twitter_card":"summary_large_image","twitter_misc":{"Est. reading time":"1 minute"},"schema":{"@context":"https:\/\/schema.org","@graph":[{"@type":"WebPage","@id":"https:\/\/quintapacos.com\/premios\/","url":"https:\/\/quintapacos.com\/premios\/","name":"Awards - Quinta de Pa\u00e7os","isPartOf":{"@id":"https:\/\/quintapacos.com\/#website"},"datePublished":"2022-03-23T14:56:44+00:00","dateModified":"2024-12-12T16:34:04+00:00","breadcrumb":{"@id":"https:\/\/quintapacos.com\/premios\/#breadcrumb"},"inLanguage":"en-US","potentialAction":[{"@type":"ReadAction","target":["https:\/\/quintapacos.com\/premios\/"]}]},{"@type":"BreadcrumbList","@id":"https:\/\/quintapacos.com\/premios\/#breadcrumb","itemListElement":[{"@type":"ListItem","position":1,"name":"In\u00edcio","item":"https:\/\/quintapacos.com\/"},{"@type":"ListItem","position":2,"name":"Awards"}]},{"@type":"WebSite","@id":"https:\/\/quintapacos.com\/#website","url":"https:\/\/quintapacos.com\/","name":"Quinta de Pa\u00e7os","description":"Vinhos Verdes","publisher":{"@id":"https:\/\/quintapacos.com\/#organization"},"potentialAction":[{"@type":"SearchAction","target":{"@type":"EntryPoint","urlTemplate":"https:\/\/quintapacos.com\/?s={search_term_string}"},"query-input":"required name=search_term_string"}],"inLanguage":"en-US"},{"@type":"Organization","@id":"https:\/\/quintapacos.com\/#organization","name":"Quinta de Pa\u00e7os","url":"https:\/\/quintapacos.com\/","logo":{"@type":"ImageObject","inLanguage":"en-US","@id":"https:\/\/quintapacos.com\/#\/schema\/logo\/image\/","url":"https:\/\/quintapacos.com\/wp-content\/uploads\/2022\/03\/logo-quinta-de-pacos.svg","contentUrl":"https:\/\/quintapacos.com\/wp-content\/uploads\/2022\/03\/logo-quinta-de-pacos.svg","width":324,"height":127,"caption":"Quinta de Pa\u00e7os"},"image":{"@id":"https:\/\/quintapacos.com\/#\/schema\/logo\/image\/"},"sameAs":["https:\/\/www.facebook.com\/QuintadePacos\/","https:\/\/www.instagram.com\/quintapacos\/"]}]}},"_links":{"self":[{"href":"https:\/\/quintapacos.com\/en\/wp-json\/wp\/v2\/pages\/1142","targetHints":{"allow":["GET"]}}],"collection":[{"href":"https:\/\/quintapacos.com\/en\/wp-json\/wp\/v2\/pages"}],"about":[{"href":"https:\/\/quintapacos.com\/en\/wp-json\/wp\/v2\/types\/page"}],"author":[{"embeddable":true,"href":"https:\/\/quintapacos.com\/en\/wp-json\/wp\/v2\/users\/2"}],"replies":[{"embeddable":true,"href":"https:\/\/quintapacos.com\/en\/wp-json\/wp\/v2\/comments?post=1142"}],"version-history":[{"count":16,"href":"https:\/\/quintapacos.com\/en\/wp-json\/wp\/v2\/pages\/1142\/revisions"}],"predecessor-version":[{"id":1976,"href":"https:\/\/quintapacos.com\/en\/wp-json\/wp\/v2\/pages\/1142\/revisions\/1976"}],"wp:attachment":[{"href":"https:\/\/quintapacos.com\/en\/wp-json\/wp\/v2\/media?parent=1142"}],"curies":[{"name":"wp","href":"https:\/\/api.w.org\/{rel}","templated":true}]}}