{"id":1322,"date":"2022-03-23T14:50:08","date_gmt":"2022-03-23T14:50:08","guid":{"rendered":"https:\/\/quintapacos.com\/terroir\/vineyards-winemaking\/"},"modified":"2024-12-12T16:39:01","modified_gmt":"2024-12-12T16:39:01","slug":"vineyards-winemaking","status":"publish","type":"page","link":"https:\/\/quintapacos.com\/en\/terroir\/vineyards-winemaking\/","title":{"rendered":"Vineyards &amp; Winemaking"},"content":{"rendered":"\t\t<div data-elementor-type=\"wp-page\" data-elementor-id=\"1322\" class=\"elementor elementor-1322 elementor-148\">\n\t\t\t\t\t\t\t\t\t<section class=\"wd-negative-gap elementor-section elementor-top-section elementor-element elementor-element-5c5aa95 elementor-section-height-min-height wd-section-stretch elementor-section-boxed elementor-section-height-default elementor-section-items-middle\" data-id=\"5c5aa95\" data-element_type=\"section\" data-settings=\"{&quot;background_background&quot;:&quot;classic&quot;}\">\n\t\t\t\t\t\t<div class=\"elementor-container elementor-column-gap-default\">\n\t\t\t\t\t<div class=\"elementor-column elementor-col-100 elementor-top-column elementor-element elementor-element-26c9fa32\" data-id=\"26c9fa32\" data-element_type=\"column\">\n\t\t\t<div class=\"elementor-widget-wrap elementor-element-populated\">\n\t\t\t\t\t\t\t\t<div class=\"elementor-element elementor-element-13d59468 elementor-absolute elementor-widget elementor-widget-wd_title\" data-id=\"13d59468\" data-element_type=\"widget\" data-settings=\"{&quot;_position&quot;:&quot;absolute&quot;}\" data-widget_type=\"wd_title.default\">\n\t\t\t\t<div class=\"elementor-widget-container\">\n\t\t\t\t\t<div class=\"title-wrapper set-mb-s reset-last-child wd-title-color-default wd-title-style-default wd-title-size-default text-left\">\n\n\t\t\t\t\t\t\t<div class=\"title-subtitle subtitle-color-default subtitle-style-default wd-fontsize-xs\">\n\t\t\t\t\tBetween Barcelos and Mon\u00e7\u00e3o\t\t\t\t<\/div>\n\t\t\t\n\t\t\t<div class=\"liner-continer\">\n\t\t\t\t<h4 class=\"woodmart-title-container title wd-fontsize-l\">Vineyards &amp; Winemaking<\/h4> \n\t\t\t\t\t\t\t<\/div>\n\n\t\t\t\t\t<\/div>\n\t\t\t\t<\/div>\n\t\t\t\t<\/div>\n\t\t\t\t\t<\/div>\n\t\t<\/div>\n\t\t\t\t\t\t\t<\/div>\n\t\t<\/section>\n\t\t\t\t<section class=\"wd-negative-gap elementor-section elementor-top-section elementor-element elementor-element-250d2c08 elementor-section-content-middle elementor-section-boxed elementor-section-height-default elementor-section-height-default wd-section-disabled\" data-id=\"250d2c08\" data-element_type=\"section\">\n\t\t\t\t\t\t<div class=\"elementor-container elementor-column-gap-wider\">\n\t\t\t\t\t<div class=\"elementor-column elementor-col-50 elementor-top-column elementor-element elementor-element-7f2005ea\" data-id=\"7f2005ea\" data-element_type=\"column\">\n\t\t\t<div class=\"elementor-widget-wrap elementor-element-populated\">\n\t\t\t\t\t\t\t\t<div class=\"elementor-element elementor-element-32e39b1 elementor-widget elementor-widget-wd_image_or_svg\" data-id=\"32e39b1\" data-element_type=\"widget\" data-widget_type=\"wd_image_or_svg.default\">\n\t\t\t\t<div class=\"elementor-widget-container\">\n\t\t\t\n\t\t<div class=\"wd-image text-left\">\n\t\t\t\t\t\t\t\t<img decoding=\"async\" src=\"https:\/\/quintapacos.com\/wp-content\/uploads\/elementor\/thumbs\/vinhas6-qvk01s3yrmrigmltjzbu6z743br983sj9fei5t15wc.webp\" title=\"vinhas6\" alt=\"vinhas6\" loading=\"lazy\" \/>\t\t\t\t\t<\/div>\n\n\t\t\t\t<\/div>\n\t\t\t\t<\/div>\n\t\t\t\t\t<\/div>\n\t\t<\/div>\n\t\t\t\t<div class=\"elementor-column elementor-col-50 elementor-top-column elementor-element elementor-element-20a4e68f\" data-id=\"20a4e68f\" data-element_type=\"column\">\n\t\t\t<div class=\"elementor-widget-wrap elementor-element-populated\">\n\t\t\t\t\t\t\t\t<div class=\"elementor-element elementor-element-37c650eb elementor-widget elementor-widget-wd_title\" data-id=\"37c650eb\" data-element_type=\"widget\" data-widget_type=\"wd_title.default\">\n\t\t\t\t<div class=\"elementor-widget-container\">\n\t\t\t\t\t<div class=\"title-wrapper set-mb-s reset-last-child wd-title-color-default wd-title-style-default wd-title-size-extra-large text-left\">\n\n\t\t\t\n\t\t\t<div class=\"liner-continer\">\n\t\t\t\t<h4 class=\"woodmart-title-container title wd-fontsize-xxxl\">Selection of varieties<\/h4> \n\t\t\t\t\t\t\t<\/div>\n\n\t\t\t\t\t\t\t<div class=\"title-after_title set-cont-mb-s reset-last-child wd-fontsize-s\">\n\t\t\t\t\t<p>There are two vineyards in Barcelos: one in the parish of Santa Eul\u00e1lia de Rio Covo (reconverted from 2002) with 7ha and another located in the parish of Silva (planted in 1989 and 1997) with 2.7ha.<\/p><p>The white varieties planted are Loureiro, Arinto, Fern\u00e3o Pires, Alvarinho, Moscatel Galego Branco (Muscat Blanc \u00e0 Petits Grains), Trajadura and Sauvignon Blanc. In reds we have Padeiro de Basto and Vinh\u00e3o (Sous\u00e3o). In the mid-twentieth century, the main vineyard of Quinta de Pa\u00e7os was made with an unusual combination of white grape varieties \u2013 Alvarinho, Arinto, Loureiro and Fern\u00e3o Pires \u2013 which gave rise to a wine that was highly renowned in the region and we now recreated in our Casa de Pa\u00e7os \u201cFamily Blend\u201d Superior.<\/p>\t\t\t\t<\/div>\n\t\t\t\t\t<\/div>\n\t\t\t\t<\/div>\n\t\t\t\t<\/div>\n\t\t\t\t\t<\/div>\n\t\t<\/div>\n\t\t\t\t\t\t\t<\/div>\n\t\t<\/section>\n\t\t\t\t<section class=\"wd-negative-gap elementor-section elementor-top-section elementor-element elementor-element-9a542d0 elementor-section-height-min-height wd-section-stretch-content elementor-section-boxed elementor-section-height-default elementor-section-items-middle\" data-id=\"9a542d0\" data-element_type=\"section\" data-settings=\"{&quot;background_background&quot;:&quot;classic&quot;}\">\n\t\t\t\t\t\t<div class=\"elementor-container elementor-column-gap-default\">\n\t\t\t\t\t<div class=\"elementor-column elementor-col-100 elementor-top-column elementor-element elementor-element-62de8c4\" data-id=\"62de8c4\" data-element_type=\"column\">\n\t\t\t<div class=\"elementor-widget-wrap\">\n\t\t\t\t\t\t\t\t\t<\/div>\n\t\t<\/div>\n\t\t\t\t\t\t\t<\/div>\n\t\t<\/section>\n\t\t\t\t<section class=\"wd-negative-gap elementor-section elementor-top-section elementor-element elementor-element-61380eb elementor-section-content-middle elementor-section-boxed elementor-section-height-default elementor-section-height-default wd-section-disabled\" data-id=\"61380eb\" data-element_type=\"section\">\n\t\t\t\t\t\t<div class=\"elementor-container elementor-column-gap-wider\">\n\t\t\t\t\t<div class=\"elementor-column elementor-col-50 elementor-top-column elementor-element elementor-element-e7dca4a\" data-id=\"e7dca4a\" data-element_type=\"column\">\n\t\t\t<div class=\"elementor-widget-wrap elementor-element-populated\">\n\t\t\t\t\t\t\t\t<div class=\"elementor-element elementor-element-0c64cb3 elementor-widget elementor-widget-wd_title\" data-id=\"0c64cb3\" data-element_type=\"widget\" data-widget_type=\"wd_title.default\">\n\t\t\t\t<div class=\"elementor-widget-container\">\n\t\t\t\t\t<div class=\"title-wrapper set-mb-s reset-last-child wd-title-color-default wd-title-style-default wd-title-size-extra-large text-left\">\n\n\t\t\t\n\t\t\t<div class=\"liner-continer\">\n\t\t\t\t<h4 class=\"woodmart-title-container title wd-fontsize-xxxl\">Cradle of Alvarinho<\/h4> \n\t\t\t\t\t\t\t<\/div>\n\n\t\t\t\t\t\t\t<div class=\"title-after_title set-cont-mb-s reset-last-child wd-fontsize-s\">\n\t\t\t\t\t<p>In Mon\u00e7\u00e3o, the vineyard at Casa do Capit\u00e3o-mor has around 8.5ha planted exclusively with the Alvarinho variety. The oldest vines on this property were planted in the late 1980s and still having some centenary examples in the traditional driving system of the sub-region.<\/p><p>The wines are made and certified in the Integrated Production system (EU environmental sustainability standards) using good phytosanitary protection practices, without the use of pesticides or animal additives in their stabilization, being suitable for Vegetarian and Vegan diets.<\/p>\t\t\t\t<\/div>\n\t\t\t\t\t<\/div>\n\t\t\t\t<\/div>\n\t\t\t\t<\/div>\n\t\t\t\t\t<\/div>\n\t\t<\/div>\n\t\t\t\t<div class=\"elementor-column elementor-col-50 elementor-top-column elementor-element elementor-element-c687118\" data-id=\"c687118\" data-element_type=\"column\">\n\t\t\t<div class=\"elementor-widget-wrap elementor-element-populated\">\n\t\t\t\t\t\t\t\t<div class=\"elementor-element elementor-element-770a45a elementor-widget elementor-widget-wd_image_or_svg\" data-id=\"770a45a\" data-element_type=\"widget\" data-widget_type=\"wd_image_or_svg.default\">\n\t\t\t\t<div class=\"elementor-widget-container\">\n\t\t\t\n\t\t<div class=\"wd-image text-left\">\n\t\t\t\t\t\t\t\t<img decoding=\"async\" src=\"https:\/\/quintapacos.com\/wp-content\/uploads\/elementor\/thumbs\/vinhas1-q7m7h7godbzddjrj0h9r4wqonhnoepgdw1ntq8x7oc.webp\" title=\"vinhas1\" alt=\"vinhas1\" loading=\"lazy\" \/>\t\t\t\t\t<\/div>\n\n\t\t\t\t<\/div>\n\t\t\t\t<\/div>\n\t\t\t\t\t<\/div>\n\t\t<\/div>\n\t\t\t\t\t\t\t<\/div>\n\t\t<\/section>\n\t\t\t\t\t\t\t<\/div>\n\t\t","protected":false},"excerpt":{"rendered":"<p>Between Barcelos and Mon\u00e7\u00e3o Vineyards &amp; Winemaking Selection of varieties There are two vineyards in Barcelos: one in the parish<\/p>\n","protected":false},"author":2,"featured_media":0,"parent":1135,"menu_order":0,"comment_status":"closed","ping_status":"closed","template":"","meta":{"footnotes":""},"class_list":["post-1322","page","type-page","status-publish","hentry"],"yoast_head":"<!-- This site is optimized with the Yoast SEO plugin v20.10 - https:\/\/yoast.com\/wordpress\/plugins\/seo\/ -->\n<title>Vineyards &amp; Winemaking - Quinta de Pa\u00e7os<\/title>\n<meta name=\"robots\" content=\"index, follow, max-snippet:-1, max-image-preview:large, max-video-preview:-1\" \/>\n<link rel=\"canonical\" href=\"https:\/\/quintapacos.com\/terroir\/vinhas-e-enologia\/\" \/>\n<meta property=\"og:locale\" content=\"en_US\" \/>\n<meta property=\"og:type\" content=\"article\" \/>\n<meta property=\"og:title\" content=\"Vineyards &amp; Winemaking - Quinta de Pa\u00e7os\" \/>\n<meta property=\"og:description\" content=\"Between Barcelos and Mon\u00e7\u00e3o Vineyards &amp; Winemaking Selection of varieties There are two vineyards in Barcelos: one in the parish\" \/>\n<meta property=\"og:url\" content=\"https:\/\/quintapacos.com\/terroir\/vinhas-e-enologia\/\" \/>\n<meta property=\"og:site_name\" content=\"Quinta de Pa\u00e7os\" \/>\n<meta property=\"article:publisher\" content=\"https:\/\/www.facebook.com\/QuintadePacos\/\" \/>\n<meta property=\"article:modified_time\" content=\"2024-12-12T16:39:01+00:00\" \/>\n<meta property=\"og:image\" content=\"https:\/\/quintapacos.com\/wp-content\/uploads\/2024\/10\/vinhas6-150x150.webp\" \/>\n<meta name=\"twitter:card\" content=\"summary_large_image\" \/>\n<meta name=\"twitter:label1\" content=\"Est. reading time\" \/>\n\t<meta name=\"twitter:data1\" content=\"1 minute\" \/>\n<script type=\"application\/ld+json\" class=\"yoast-schema-graph\">{\"@context\":\"https:\/\/schema.org\",\"@graph\":[{\"@type\":\"WebPage\",\"@id\":\"https:\/\/quintapacos.com\/terroir\/vinhas-e-enologia\/\",\"url\":\"https:\/\/quintapacos.com\/terroir\/vinhas-e-enologia\/\",\"name\":\"Vineyards &amp; Winemaking - Quinta de Pa\u00e7os\",\"isPartOf\":{\"@id\":\"https:\/\/quintapacos.com\/#website\"},\"datePublished\":\"2022-03-23T14:50:08+00:00\",\"dateModified\":\"2024-12-12T16:39:01+00:00\",\"breadcrumb\":{\"@id\":\"https:\/\/quintapacos.com\/terroir\/vinhas-e-enologia\/#breadcrumb\"},\"inLanguage\":\"en-US\",\"potentialAction\":[{\"@type\":\"ReadAction\",\"target\":[\"https:\/\/quintapacos.com\/terroir\/vinhas-e-enologia\/\"]}]},{\"@type\":\"BreadcrumbList\",\"@id\":\"https:\/\/quintapacos.com\/terroir\/vinhas-e-enologia\/#breadcrumb\",\"itemListElement\":[{\"@type\":\"ListItem\",\"position\":1,\"name\":\"In\u00edcio\",\"item\":\"https:\/\/quintapacos.com\/\"},{\"@type\":\"ListItem\",\"position\":2,\"name\":\"Terroir\",\"item\":\"https:\/\/quintapacos.com\/en\/terroir\/\"},{\"@type\":\"ListItem\",\"position\":3,\"name\":\"Vineyards &amp; Winemaking\"}]},{\"@type\":\"WebSite\",\"@id\":\"https:\/\/quintapacos.com\/#website\",\"url\":\"https:\/\/quintapacos.com\/\",\"name\":\"Quinta de Pa\u00e7os\",\"description\":\"Vinhos Verdes\",\"publisher\":{\"@id\":\"https:\/\/quintapacos.com\/#organization\"},\"potentialAction\":[{\"@type\":\"SearchAction\",\"target\":{\"@type\":\"EntryPoint\",\"urlTemplate\":\"https:\/\/quintapacos.com\/?s={search_term_string}\"},\"query-input\":\"required name=search_term_string\"}],\"inLanguage\":\"en-US\"},{\"@type\":\"Organization\",\"@id\":\"https:\/\/quintapacos.com\/#organization\",\"name\":\"Quinta de Pa\u00e7os\",\"url\":\"https:\/\/quintapacos.com\/\",\"logo\":{\"@type\":\"ImageObject\",\"inLanguage\":\"en-US\",\"@id\":\"https:\/\/quintapacos.com\/#\/schema\/logo\/image\/\",\"url\":\"https:\/\/quintapacos.com\/wp-content\/uploads\/2022\/03\/logo-quinta-de-pacos.svg\",\"contentUrl\":\"https:\/\/quintapacos.com\/wp-content\/uploads\/2022\/03\/logo-quinta-de-pacos.svg\",\"width\":324,\"height\":127,\"caption\":\"Quinta de Pa\u00e7os\"},\"image\":{\"@id\":\"https:\/\/quintapacos.com\/#\/schema\/logo\/image\/\"},\"sameAs\":[\"https:\/\/www.facebook.com\/QuintadePacos\/\",\"https:\/\/www.instagram.com\/quintapacos\/\"]}]}<\/script>\n<!-- \/ Yoast SEO plugin. -->","yoast_head_json":{"title":"Vineyards &amp; Winemaking - Quinta de Pa\u00e7os","robots":{"index":"index","follow":"follow","max-snippet":"max-snippet:-1","max-image-preview":"max-image-preview:large","max-video-preview":"max-video-preview:-1"},"canonical":"https:\/\/quintapacos.com\/terroir\/vinhas-e-enologia\/","og_locale":"en_US","og_type":"article","og_title":"Vineyards &amp; Winemaking - Quinta de Pa\u00e7os","og_description":"Between Barcelos and Mon\u00e7\u00e3o Vineyards &amp; Winemaking Selection of varieties There are two vineyards in Barcelos: one in the parish","og_url":"https:\/\/quintapacos.com\/terroir\/vinhas-e-enologia\/","og_site_name":"Quinta de Pa\u00e7os","article_publisher":"https:\/\/www.facebook.com\/QuintadePacos\/","article_modified_time":"2024-12-12T16:39:01+00:00","og_image":[{"url":"https:\/\/quintapacos.com\/wp-content\/uploads\/2024\/10\/vinhas6-150x150.webp"}],"twitter_card":"summary_large_image","twitter_misc":{"Est. reading time":"1 minute"},"schema":{"@context":"https:\/\/schema.org","@graph":[{"@type":"WebPage","@id":"https:\/\/quintapacos.com\/terroir\/vinhas-e-enologia\/","url":"https:\/\/quintapacos.com\/terroir\/vinhas-e-enologia\/","name":"Vineyards &amp; Winemaking - Quinta de Pa\u00e7os","isPartOf":{"@id":"https:\/\/quintapacos.com\/#website"},"datePublished":"2022-03-23T14:50:08+00:00","dateModified":"2024-12-12T16:39:01+00:00","breadcrumb":{"@id":"https:\/\/quintapacos.com\/terroir\/vinhas-e-enologia\/#breadcrumb"},"inLanguage":"en-US","potentialAction":[{"@type":"ReadAction","target":["https:\/\/quintapacos.com\/terroir\/vinhas-e-enologia\/"]}]},{"@type":"BreadcrumbList","@id":"https:\/\/quintapacos.com\/terroir\/vinhas-e-enologia\/#breadcrumb","itemListElement":[{"@type":"ListItem","position":1,"name":"In\u00edcio","item":"https:\/\/quintapacos.com\/"},{"@type":"ListItem","position":2,"name":"Terroir","item":"https:\/\/quintapacos.com\/en\/terroir\/"},{"@type":"ListItem","position":3,"name":"Vineyards &amp; Winemaking"}]},{"@type":"WebSite","@id":"https:\/\/quintapacos.com\/#website","url":"https:\/\/quintapacos.com\/","name":"Quinta de Pa\u00e7os","description":"Vinhos Verdes","publisher":{"@id":"https:\/\/quintapacos.com\/#organization"},"potentialAction":[{"@type":"SearchAction","target":{"@type":"EntryPoint","urlTemplate":"https:\/\/quintapacos.com\/?s={search_term_string}"},"query-input":"required name=search_term_string"}],"inLanguage":"en-US"},{"@type":"Organization","@id":"https:\/\/quintapacos.com\/#organization","name":"Quinta de Pa\u00e7os","url":"https:\/\/quintapacos.com\/","logo":{"@type":"ImageObject","inLanguage":"en-US","@id":"https:\/\/quintapacos.com\/#\/schema\/logo\/image\/","url":"https:\/\/quintapacos.com\/wp-content\/uploads\/2022\/03\/logo-quinta-de-pacos.svg","contentUrl":"https:\/\/quintapacos.com\/wp-content\/uploads\/2022\/03\/logo-quinta-de-pacos.svg","width":324,"height":127,"caption":"Quinta de Pa\u00e7os"},"image":{"@id":"https:\/\/quintapacos.com\/#\/schema\/logo\/image\/"},"sameAs":["https:\/\/www.facebook.com\/QuintadePacos\/","https:\/\/www.instagram.com\/quintapacos\/"]}]}},"_links":{"self":[{"href":"https:\/\/quintapacos.com\/en\/wp-json\/wp\/v2\/pages\/1322","targetHints":{"allow":["GET"]}}],"collection":[{"href":"https:\/\/quintapacos.com\/en\/wp-json\/wp\/v2\/pages"}],"about":[{"href":"https:\/\/quintapacos.com\/en\/wp-json\/wp\/v2\/types\/page"}],"author":[{"embeddable":true,"href":"https:\/\/quintapacos.com\/en\/wp-json\/wp\/v2\/users\/2"}],"replies":[{"embeddable":true,"href":"https:\/\/quintapacos.com\/en\/wp-json\/wp\/v2\/comments?post=1322"}],"version-history":[{"count":4,"href":"https:\/\/quintapacos.com\/en\/wp-json\/wp\/v2\/pages\/1322\/revisions"}],"predecessor-version":[{"id":1984,"href":"https:\/\/quintapacos.com\/en\/wp-json\/wp\/v2\/pages\/1322\/revisions\/1984"}],"up":[{"embeddable":true,"href":"https:\/\/quintapacos.com\/en\/wp-json\/wp\/v2\/pages\/1135"}],"wp:attachment":[{"href":"https:\/\/quintapacos.com\/en\/wp-json\/wp\/v2\/media?parent=1322"}],"curies":[{"name":"wp","href":"https:\/\/api.w.org\/{rel}","templated":true}]}}