{"id":1130,"date":"2023-04-04T11:21:25","date_gmt":"2023-04-04T11:21:25","guid":{"rendered":"https:\/\/quintapacos.com\/portefolio\/uncategorized\/casa-do-capitao-mor-alvarinho\/"},"modified":"2024-10-16T14:22:57","modified_gmt":"2024-10-16T14:22:57","slug":"casa-do-capitao-mor-alvarinho","status":"publish","type":"product","link":"https:\/\/quintapacos.com\/en\/wines\/casa-do-capitao-mor-en\/casa-do-capitao-mor-alvarinho\/","title":{"rendered":"Casa do Capit\u00e3o-mor Alvarinho"},"content":{"rendered":"","protected":false},"excerpt":{"rendered":"<div class=\"detail-brand\">\n<h1 class=\"title-brand\">2023<\/h1>\n<p class=\"description-brand\">Vinho Verde DOC &#8211; Mon\u00e7\u00e3o &amp; Melga\u00e7o<\/p>\n<\/div>\n<p>Clear, citrus yellow colour. Balanced, elegant fresh and complex, with citrus fruits, peach and pineapple flavours and aromas. In the mouth it\u2019s mineral, fresh, round with good body. <\/p>\n<blockquote class=\"quote\"><p>This wine comes from Casa do Capit\u00e3o-mor (Quinta da Boavista), Mazedo, Mon\u00e7\u00e3o.<\/p><\/blockquote>\n<div class=\"wd-button-wrapper woodmart-button-wrapper text-center\"><a class=\"btn btn-style-bordered btn-style-round btn-size-large btn-color-primary btn-icon-pos-right\" href=\"\/wp-content\/uploads\/2024\/10\/FT-Casa-Capitao-mor-2023-Alvarinho-ENG-min.pdf\" target=\"_blank\" rel=\"noopener\"><br \/>\n<span class=\"wd-btn-text\" data-elementor-setting-key=\"text\"><br \/>\nTechnical Sheet<br \/>\n<\/span><br \/>\n<\/a><\/div>\n","protected":false},"featured_media":1672,"comment_status":"open","ping_status":"closed","template":"","meta":[],"product_cat":[31],"product_tag":[],"class_list":["post-1130","product","type-product","status-publish","has-post-thumbnail","hentry","product_cat-casa-do-capitao-mor-en"],"yoast_head":"<!-- This site is optimized with the Yoast SEO plugin v20.10 - https:\/\/yoast.com\/wordpress\/plugins\/seo\/ -->\n<title>Casa do Capit\u00e3o-mor Alvarinho - Quinta de Pa\u00e7os<\/title>\n<meta name=\"robots\" content=\"index, follow, max-snippet:-1, max-image-preview:large, max-video-preview:-1\" \/>\n<link rel=\"canonical\" href=\"https:\/\/quintapacos.com\/en\/vinhos\/casa-do-capitao-mor-en\/casa-do-capitao-mor-alvarinho\/\" \/>\n<meta property=\"og:locale\" content=\"en_US\" \/>\n<meta property=\"og:type\" content=\"article\" \/>\n<meta property=\"og:title\" content=\"Casa do Capit\u00e3o-mor Alvarinho - Quinta de Pa\u00e7os\" \/>\n<meta property=\"og:description\" content=\"2023 Vinho Verde DOC - Mon\u00e7\u00e3o &amp; Melga\u00e7o   Clear, citrus yellow colour. Balanced, elegant fresh and complex, with citrus fruits, peach and pineapple flavours and aromas. In the mouth it\u2019s mineral, fresh, round with good body.  This wine comes from Casa do Capit\u00e3o-mor (Quinta da Boavista), Mazedo, Mon\u00e7\u00e3o.   Technical Sheet\" \/>\n<meta property=\"og:url\" content=\"https:\/\/quintapacos.com\/en\/vinhos\/casa-do-capitao-mor-en\/casa-do-capitao-mor-alvarinho\/\" \/>\n<meta property=\"og:site_name\" content=\"Quinta de Pa\u00e7os\" \/>\n<meta property=\"article:publisher\" content=\"https:\/\/www.facebook.com\/QuintadePacos\/\" \/>\n<meta property=\"article:modified_time\" content=\"2024-10-16T14:22:57+00:00\" \/>\n<meta property=\"og:image\" content=\"https:\/\/quintapacos.com\/wp-content\/uploads\/2024\/10\/casa-do-capitao-mor-alvarinho-min.png\" \/>\n\t<meta property=\"og:image:width\" content=\"1200\" \/>\n\t<meta property=\"og:image:height\" content=\"1200\" \/>\n\t<meta property=\"og:image:type\" content=\"image\/png\" \/>\n<meta name=\"twitter:card\" content=\"summary_large_image\" \/>\n<script type=\"application\/ld+json\" class=\"yoast-schema-graph\">{\"@context\":\"https:\/\/schema.org\",\"@graph\":[{\"@type\":\"WebPage\",\"@id\":\"https:\/\/quintapacos.com\/en\/vinhos\/casa-do-capitao-mor-en\/casa-do-capitao-mor-alvarinho\/\",\"url\":\"https:\/\/quintapacos.com\/en\/vinhos\/casa-do-capitao-mor-en\/casa-do-capitao-mor-alvarinho\/\",\"name\":\"Casa do Capit\u00e3o-mor Alvarinho - Quinta de Pa\u00e7os\",\"isPartOf\":{\"@id\":\"https:\/\/quintapacos.com\/#website\"},\"datePublished\":\"2023-04-04T11:21:25+00:00\",\"dateModified\":\"2024-10-16T14:22:57+00:00\",\"breadcrumb\":{\"@id\":\"https:\/\/quintapacos.com\/en\/vinhos\/casa-do-capitao-mor-en\/casa-do-capitao-mor-alvarinho\/#breadcrumb\"},\"inLanguage\":\"en-US\",\"potentialAction\":[{\"@type\":\"ReadAction\",\"target\":[\"https:\/\/quintapacos.com\/en\/vinhos\/casa-do-capitao-mor-en\/casa-do-capitao-mor-alvarinho\/\"]}]},{\"@type\":\"BreadcrumbList\",\"@id\":\"https:\/\/quintapacos.com\/en\/vinhos\/casa-do-capitao-mor-en\/casa-do-capitao-mor-alvarinho\/#breadcrumb\",\"itemListElement\":[{\"@type\":\"ListItem\",\"position\":1,\"name\":\"In\u00edcio\",\"item\":\"https:\/\/quintapacos.com\/\"},{\"@type\":\"ListItem\",\"position\":2,\"name\":\"Wines\",\"item\":\"https:\/\/quintapacos.com\/en\/wines\/\"},{\"@type\":\"ListItem\",\"position\":3,\"name\":\"Casa do Capit\u00e3o-mor Alvarinho\"}]},{\"@type\":\"WebSite\",\"@id\":\"https:\/\/quintapacos.com\/#website\",\"url\":\"https:\/\/quintapacos.com\/\",\"name\":\"Quinta de Pa\u00e7os\",\"description\":\"Vinhos Verdes\",\"publisher\":{\"@id\":\"https:\/\/quintapacos.com\/#organization\"},\"potentialAction\":[{\"@type\":\"SearchAction\",\"target\":{\"@type\":\"EntryPoint\",\"urlTemplate\":\"https:\/\/quintapacos.com\/?s={search_term_string}\"},\"query-input\":\"required name=search_term_string\"}],\"inLanguage\":\"en-US\"},{\"@type\":\"Organization\",\"@id\":\"https:\/\/quintapacos.com\/#organization\",\"name\":\"Quinta de Pa\u00e7os\",\"url\":\"https:\/\/quintapacos.com\/\",\"logo\":{\"@type\":\"ImageObject\",\"inLanguage\":\"en-US\",\"@id\":\"https:\/\/quintapacos.com\/#\/schema\/logo\/image\/\",\"url\":\"https:\/\/quintapacos.com\/wp-content\/uploads\/2022\/03\/logo-quinta-de-pacos.svg\",\"contentUrl\":\"https:\/\/quintapacos.com\/wp-content\/uploads\/2022\/03\/logo-quinta-de-pacos.svg\",\"width\":324,\"height\":127,\"caption\":\"Quinta de Pa\u00e7os\"},\"image\":{\"@id\":\"https:\/\/quintapacos.com\/#\/schema\/logo\/image\/\"},\"sameAs\":[\"https:\/\/www.facebook.com\/QuintadePacos\/\",\"https:\/\/www.instagram.com\/quintapacos\/\"]}]}<\/script>\n<!-- \/ Yoast SEO plugin. -->","yoast_head_json":{"title":"Casa do Capit\u00e3o-mor Alvarinho - Quinta de Pa\u00e7os","robots":{"index":"index","follow":"follow","max-snippet":"max-snippet:-1","max-image-preview":"max-image-preview:large","max-video-preview":"max-video-preview:-1"},"canonical":"https:\/\/quintapacos.com\/en\/vinhos\/casa-do-capitao-mor-en\/casa-do-capitao-mor-alvarinho\/","og_locale":"en_US","og_type":"article","og_title":"Casa do Capit\u00e3o-mor Alvarinho - Quinta de Pa\u00e7os","og_description":"2023 Vinho Verde DOC - Mon\u00e7\u00e3o &amp; Melga\u00e7o   Clear, citrus yellow colour. Balanced, elegant fresh and complex, with citrus fruits, peach and pineapple flavours and aromas. In the mouth it\u2019s mineral, fresh, round with good body.  This wine comes from Casa do Capit\u00e3o-mor (Quinta da Boavista), Mazedo, Mon\u00e7\u00e3o.   Technical Sheet","og_url":"https:\/\/quintapacos.com\/en\/vinhos\/casa-do-capitao-mor-en\/casa-do-capitao-mor-alvarinho\/","og_site_name":"Quinta de Pa\u00e7os","article_publisher":"https:\/\/www.facebook.com\/QuintadePacos\/","article_modified_time":"2024-10-16T14:22:57+00:00","og_image":[{"width":1200,"height":1200,"url":"https:\/\/quintapacos.com\/wp-content\/uploads\/2024\/10\/casa-do-capitao-mor-alvarinho-min.png","type":"image\/png"}],"twitter_card":"summary_large_image","schema":{"@context":"https:\/\/schema.org","@graph":[{"@type":"WebPage","@id":"https:\/\/quintapacos.com\/en\/vinhos\/casa-do-capitao-mor-en\/casa-do-capitao-mor-alvarinho\/","url":"https:\/\/quintapacos.com\/en\/vinhos\/casa-do-capitao-mor-en\/casa-do-capitao-mor-alvarinho\/","name":"Casa do Capit\u00e3o-mor Alvarinho - Quinta de Pa\u00e7os","isPartOf":{"@id":"https:\/\/quintapacos.com\/#website"},"datePublished":"2023-04-04T11:21:25+00:00","dateModified":"2024-10-16T14:22:57+00:00","breadcrumb":{"@id":"https:\/\/quintapacos.com\/en\/vinhos\/casa-do-capitao-mor-en\/casa-do-capitao-mor-alvarinho\/#breadcrumb"},"inLanguage":"en-US","potentialAction":[{"@type":"ReadAction","target":["https:\/\/quintapacos.com\/en\/vinhos\/casa-do-capitao-mor-en\/casa-do-capitao-mor-alvarinho\/"]}]},{"@type":"BreadcrumbList","@id":"https:\/\/quintapacos.com\/en\/vinhos\/casa-do-capitao-mor-en\/casa-do-capitao-mor-alvarinho\/#breadcrumb","itemListElement":[{"@type":"ListItem","position":1,"name":"In\u00edcio","item":"https:\/\/quintapacos.com\/"},{"@type":"ListItem","position":2,"name":"Wines","item":"https:\/\/quintapacos.com\/en\/wines\/"},{"@type":"ListItem","position":3,"name":"Casa do Capit\u00e3o-mor Alvarinho"}]},{"@type":"WebSite","@id":"https:\/\/quintapacos.com\/#website","url":"https:\/\/quintapacos.com\/","name":"Quinta de Pa\u00e7os","description":"Vinhos Verdes","publisher":{"@id":"https:\/\/quintapacos.com\/#organization"},"potentialAction":[{"@type":"SearchAction","target":{"@type":"EntryPoint","urlTemplate":"https:\/\/quintapacos.com\/?s={search_term_string}"},"query-input":"required name=search_term_string"}],"inLanguage":"en-US"},{"@type":"Organization","@id":"https:\/\/quintapacos.com\/#organization","name":"Quinta de Pa\u00e7os","url":"https:\/\/quintapacos.com\/","logo":{"@type":"ImageObject","inLanguage":"en-US","@id":"https:\/\/quintapacos.com\/#\/schema\/logo\/image\/","url":"https:\/\/quintapacos.com\/wp-content\/uploads\/2022\/03\/logo-quinta-de-pacos.svg","contentUrl":"https:\/\/quintapacos.com\/wp-content\/uploads\/2022\/03\/logo-quinta-de-pacos.svg","width":324,"height":127,"caption":"Quinta de Pa\u00e7os"},"image":{"@id":"https:\/\/quintapacos.com\/#\/schema\/logo\/image\/"},"sameAs":["https:\/\/www.facebook.com\/QuintadePacos\/","https:\/\/www.instagram.com\/quintapacos\/"]}]}},"_links":{"self":[{"href":"https:\/\/quintapacos.com\/en\/wp-json\/wp\/v2\/product\/1130","targetHints":{"allow":["GET"]}}],"collection":[{"href":"https:\/\/quintapacos.com\/en\/wp-json\/wp\/v2\/product"}],"about":[{"href":"https:\/\/quintapacos.com\/en\/wp-json\/wp\/v2\/types\/product"}],"replies":[{"embeddable":true,"href":"https:\/\/quintapacos.com\/en\/wp-json\/wp\/v2\/comments?post=1130"}],"version-history":[{"count":4,"href":"https:\/\/quintapacos.com\/en\/wp-json\/wp\/v2\/product\/1130\/revisions"}],"predecessor-version":[{"id":1887,"href":"https:\/\/quintapacos.com\/en\/wp-json\/wp\/v2\/product\/1130\/revisions\/1887"}],"wp:featuredmedia":[{"embeddable":true,"href":"https:\/\/quintapacos.com\/en\/wp-json\/wp\/v2\/media\/1672"}],"wp:attachment":[{"href":"https:\/\/quintapacos.com\/en\/wp-json\/wp\/v2\/media?parent=1130"}],"wp:term":[{"taxonomy":"product_cat","embeddable":true,"href":"https:\/\/quintapacos.com\/en\/wp-json\/wp\/v2\/product_cat?post=1130"},{"taxonomy":"product_tag","embeddable":true,"href":"https:\/\/quintapacos.com\/en\/wp-json\/wp\/v2\/product_tag?post=1130"}],"curies":[{"name":"wp","href":"https:\/\/api.w.org\/{rel}","templated":true}]}}